{"id":539,"date":"2018-09-16T22:07:48","date_gmt":"2018-09-16T20:07:48","guid":{"rendered":"http:\/\/landschaftsschutz.org\/?page_id=539"},"modified":"2018-09-17T16:32:40","modified_gmt":"2018-09-17T14:32:40","slug":"wertvolle-ackerboeden","status":"publish","type":"page","link":"http:\/\/landschaftsschutz.org\/?page_id=539","title":{"rendered":"Wertvolle Ackerb\u00f6den"},"content":{"rendered":"<br>Die B\u00f6den des Schmidener und des Langen Feldes haben eine hohe bis sehr hohe Bedeutung f\u00fcr die Landwirtschaft<br><a href=\"http:\/\/arge-nord-ost.de\/nor\/Linienbestimmung\/K4.3.gif\">weiterlesen<\/a><\/p>\n<table>\n<tbody>\n<tr>\n<td><\/td>\n<\/tr>\n<\/tbody>\n<\/table>\n\n\n<div class=\"wp-block-image\"><a href=\"http:\/\/arge-nord-ost.de\/nor\/Linienbestimmung\/K4.4.gif\"><figure class=\"alignleft\"><img loading=\"lazy\" decoding=\"async\" width=\"400\" height=\"268\" src=\"http:\/\/landschaftsschutz.org\/wp-content\/uploads\/2018\/09\/Boden-Wasser-speichern.jpg\" alt=\"\" class=\"wp-image-544\" srcset=\"http:\/\/landschaftsschutz.org\/wp-content\/uploads\/2018\/09\/Boden-Wasser-speichern.jpg 400w, http:\/\/landschaftsschutz.org\/wp-content\/uploads\/2018\/09\/Boden-Wasser-speichern-300x201.jpg 300w\" sizes=\"auto, (max-width: 400px) 100vw, 400px\" \/><\/figure><\/a><\/div>\n\n\n<p><br>Die B\u00f6den des Langen und des Schmidener Feldes k\u00f6nnen Wasser sehr gut speichern, was immer wichtiger werden wird, angesicht des Klimawandels und der zunehmenden hei\u00dfen Trockensommer<br><a href=\"http:\/\/arge-nord-ost.de\/nor\/Linienbestimmung\/K4.4.gif\">weiterlesen<\/a><\/p><!-- \/wp:paragraph --><!-- wp:post-content --><!-- wp:paragraph -->\n<p>2003 wurden im Auftrag des Regierungspr\u00e4sidiums Suttgart umfangreiche Gutachten zum Nordostring gemacht. Die Gutachter kommen zum Ergebnis, dass der Nordostring wertvollen Ackerboden zerst\u00f6ren w\u00fcrde.<\/p>\n<!-- \/wp:paragraph -->\n\n<!-- wp:image {\"id\":540,\"align\":\"left\"} -->\n<div class=\"wp-block-image\"><a href=\"http:\/\/arge-nord-ost.de\/nor\/Linienbestimmung\/K4.3.gif\"><figure class=\"alignleft\"><img loading=\"lazy\" decoding=\"async\" width=\"400\" height=\"270\" src=\"http:\/\/landschaftsschutz.org\/wp-content\/uploads\/2018\/09\/Boden-Landwirtschaft.jpg\" alt=\"\" class=\"wp-image-540\" srcset=\"http:\/\/landschaftsschutz.org\/wp-content\/uploads\/2018\/09\/Boden-Landwirtschaft.jpg 400w, http:\/\/landschaftsschutz.org\/wp-content\/uploads\/2018\/09\/Boden-Landwirtschaft-300x203.jpg 300w\" sizes=\"auto, (max-width: 400px) 100vw, 400px\" \/><\/figure><\/a><\/div>\n<!-- \/wp:image -->\n\n<p><!-- wp:paragraph --><br>Die B\u00f6den des Schmidener und des Langen Feldes haben eine hohe bis sehr hohe Bedeutung f\u00fcr die Landwirtschaft<br><a href=\"http:\/\/arge-nord-ost.de\/nor\/Linienbestimmung\/K4.3.gif\">weiterlesen<\/a><\/p>\n<table>\n<tbody>\n<tr>\n<td><\/td>\n<\/tr>\n<\/tbody>\n<\/table>\n\n<!-- wp:image {\"id\":544,\"align\":\"left\"} -->\n<div class=\"wp-block-image\"><a href=\"http:\/\/arge-nord-ost.de\/nor\/Linienbestimmung\/K4.4.gif\"><figure class=\"alignleft\"><img loading=\"lazy\" decoding=\"async\" width=\"400\" height=\"268\" src=\"http:\/\/landschaftsschutz.org\/wp-content\/uploads\/2018\/09\/Boden-Wasser-speichern.jpg\" alt=\"\" class=\"wp-image-544\" srcset=\"http:\/\/landschaftsschutz.org\/wp-content\/uploads\/2018\/09\/Boden-Wasser-speichern.jpg 400w, http:\/\/landschaftsschutz.org\/wp-content\/uploads\/2018\/09\/Boden-Wasser-speichern-300x201.jpg 300w\" sizes=\"auto, (max-width: 400px) 100vw, 400px\" \/><\/figure><\/a><\/div>\n<!-- \/wp:image -->\n\n<p><!-- wp:paragraph --><br>Die B\u00f6den des Langen und des Schmidener Feldes k\u00f6nnen Wasser sehr gut speichern, was immer wichtiger werden wird, angesicht des Klimawandels und der zunehmenden hei\u00dfen Trockensommer<br><a href=\"http:\/\/arge-nord-ost.de\/nor\/Linienbestimmung\/K4.4.gif\">weiterlesen<\/a><\/p><!-- \/wp:post-content -->","protected":false},"excerpt":{"rendered":"<p>2003 wurden im Auftrag des Regierungspr\u00e4sidiums Suttgart umfangreiche Gutachten zum Nordostring gemacht. Die Gutachter kommen zum Ergebnis, dass der Nordostring wertvollen Ackerboden zerst\u00f6ren w\u00fcrde. Die B\u00f6den des Langen und des Schmidener Feldes k\u00f6nnen Wasser sehr gut speichern, was immer wichtiger werden wird, angesicht des Klimawandels und der zunehmenden hei\u00dfen Trockensommerweiterlesen<\/p>\n","protected":false},"author":2,"featured_media":0,"parent":0,"menu_order":0,"comment_status":"closed","ping_status":"closed","template":"","meta":{"footnotes":""},"class_list":["post-539","page","type-page","status-publish","hentry"],"_links":{"self":[{"href":"http:\/\/landschaftsschutz.org\/index.php?rest_route=\/wp\/v2\/pages\/539","targetHints":{"allow":["GET"]}}],"collection":[{"href":"http:\/\/landschaftsschutz.org\/index.php?rest_route=\/wp\/v2\/pages"}],"about":[{"href":"http:\/\/landschaftsschutz.org\/index.php?rest_route=\/wp\/v2\/types\/page"}],"author":[{"embeddable":true,"href":"http:\/\/landschaftsschutz.org\/index.php?rest_route=\/wp\/v2\/users\/2"}],"replies":[{"embeddable":true,"href":"http:\/\/landschaftsschutz.org\/index.php?rest_route=%2Fwp%2Fv2%2Fcomments&post=539"}],"version-history":[{"count":15,"href":"http:\/\/landschaftsschutz.org\/index.php?rest_route=\/wp\/v2\/pages\/539\/revisions"}],"predecessor-version":[{"id":576,"href":"http:\/\/landschaftsschutz.org\/index.php?rest_route=\/wp\/v2\/pages\/539\/revisions\/576"}],"wp:attachment":[{"href":"http:\/\/landschaftsschutz.org\/index.php?rest_route=%2Fwp%2Fv2%2Fmedia&parent=539"}],"curies":[{"name":"wp","href":"https:\/\/api.w.org\/{rel}","templated":true}]}}